{"id":473,"date":"2021-02-03T19:07:15","date_gmt":"2021-02-03T18:07:15","guid":{"rendered":"http:\/\/brassitech.com\/?page_id=473"},"modified":"2021-02-24T14:10:30","modified_gmt":"2021-02-24T13:10:30","slug":"dla-ludzi","status":"publish","type":"page","link":"https:\/\/brassitech.com\/en\/produkty\/dla-ludzi\/","title":{"rendered":"For people"},"content":{"rendered":"","protected":false},"excerpt":{"rendered":"","protected":false},"author":1,"featured_media":0,"parent":595,"menu_order":11,"comment_status":"closed","ping_status":"closed","template":"template-custom-products.php","meta":[],"yoast_head":"<!-- This site is optimized with the Yoast SEO plugin v16.4 - https:\/\/yoast.com\/wordpress\/plugins\/seo\/ -->\n<title>For people - Brassitech<\/title>\n<meta name=\"description\" content=\"Ide\u0105 naszej marki i projektu Brassitech\u2122 jest tworzenie dedykowanych dla ludzi i zwierz\u0105t skutecznych, naturalnych, przyjaznych i \u0142atwych w aplikacji produkt\u00f3w wykorzystuj\u0105cych szczeg\u00f3lne w\u0142a\u015bciwo\u015bci lecznicze i prozdrowotne kapusty.\" \/>\n<meta name=\"robots\" content=\"index, follow, max-snippet:-1, max-image-preview:large, max-video-preview:-1\" \/>\n<link rel=\"canonical\" href=\"https:\/\/brassitech.com\/en\/produkty\/dla-ludzi\/\" \/>\n<meta property=\"og:locale\" content=\"en_US\" \/>\n<meta property=\"og:type\" content=\"article\" \/>\n<meta property=\"og:title\" content=\"For people - Brassitech\" \/>\n<meta property=\"og:description\" content=\"Ide\u0105 naszej marki i projektu Brassitech\u2122 jest tworzenie dedykowanych dla ludzi i zwierz\u0105t skutecznych, naturalnych, przyjaznych i \u0142atwych w aplikacji produkt\u00f3w wykorzystuj\u0105cych szczeg\u00f3lne w\u0142a\u015bciwo\u015bci lecznicze i prozdrowotne kapusty.\" \/>\n<meta property=\"og:url\" content=\"https:\/\/brassitech.com\/en\/produkty\/dla-ludzi\/\" \/>\n<meta property=\"og:site_name\" content=\"Brassitech\" \/>\n<meta property=\"article:modified_time\" content=\"2021-02-24T13:10:30+00:00\" \/>\n<meta name=\"twitter:card\" content=\"summary_large_image\" \/>\n<script type=\"application\/ld+json\" class=\"yoast-schema-graph\">{\"@context\":\"https:\/\/schema.org\",\"@graph\":[{\"@type\":\"Organization\",\"@id\":\"https:\/\/brassitech.com\/#organization\",\"name\":\"BrassiTech\",\"url\":\"https:\/\/brassitech.com\/\",\"sameAs\":[],\"logo\":{\"@type\":\"ImageObject\",\"@id\":\"https:\/\/brassitech.com\/#logo\",\"inLanguage\":\"en-US\",\"url\":\"http:\/\/brassitech.com\/wp-content\/uploads\/2020\/05\/logo-1.png\",\"contentUrl\":\"http:\/\/brassitech.com\/wp-content\/uploads\/2020\/05\/logo-1.png\",\"width\":236,\"height\":53,\"caption\":\"BrassiTech\"},\"image\":{\"@id\":\"https:\/\/brassitech.com\/#logo\"}},{\"@type\":\"WebSite\",\"@id\":\"https:\/\/brassitech.com\/#website\",\"url\":\"https:\/\/brassitech.com\/\",\"name\":\"Brassitech\",\"description\":\"Brassitech\",\"publisher\":{\"@id\":\"https:\/\/brassitech.com\/#organization\"},\"potentialAction\":[{\"@type\":\"SearchAction\",\"target\":\"https:\/\/brassitech.com\/?s={search_term_string}\",\"query-input\":\"required name=search_term_string\"}],\"inLanguage\":\"en-US\"},{\"@type\":\"WebPage\",\"@id\":\"https:\/\/brassitech.com\/en\/produkty\/dla-ludzi\/#webpage\",\"url\":\"https:\/\/brassitech.com\/en\/produkty\/dla-ludzi\/\",\"name\":\"For people - Brassitech\",\"isPartOf\":{\"@id\":\"https:\/\/brassitech.com\/#website\"},\"datePublished\":\"2021-02-03T18:07:15+00:00\",\"dateModified\":\"2021-02-24T13:10:30+00:00\",\"description\":\"Ide\\u0105 naszej marki i projektu Brassitech\\u2122 jest tworzenie dedykowanych dla ludzi i zwierz\\u0105t skutecznych, naturalnych, przyjaznych i \\u0142atwych w aplikacji produkt\\u00f3w wykorzystuj\\u0105cych szczeg\\u00f3lne w\\u0142a\\u015bciwo\\u015bci lecznicze i prozdrowotne kapusty.\",\"breadcrumb\":{\"@id\":\"https:\/\/brassitech.com\/en\/produkty\/dla-ludzi\/#breadcrumb\"},\"inLanguage\":\"en-US\",\"potentialAction\":[{\"@type\":\"ReadAction\",\"target\":[\"https:\/\/brassitech.com\/en\/produkty\/dla-ludzi\/\"]}]},{\"@type\":\"BreadcrumbList\",\"@id\":\"https:\/\/brassitech.com\/en\/produkty\/dla-ludzi\/#breadcrumb\",\"itemListElement\":[{\"@type\":\"ListItem\",\"position\":1,\"item\":{\"@type\":\"WebPage\",\"@id\":\"https:\/\/brassitech.com\/en\/\",\"url\":\"https:\/\/brassitech.com\/en\/\",\"name\":\"Strona g\\u0142\\u00f3wna\"}},{\"@type\":\"ListItem\",\"position\":2,\"item\":{\"@type\":\"WebPage\",\"@id\":\"https:\/\/brassitech.com\/en\/produkty\/\",\"url\":\"https:\/\/brassitech.com\/en\/produkty\/\",\"name\":\"Products\"}},{\"@type\":\"ListItem\",\"position\":3,\"item\":{\"@id\":\"https:\/\/brassitech.com\/en\/produkty\/dla-ludzi\/#webpage\"}}]}]}<\/script>\n<!-- \/ Yoast SEO plugin. -->","_links":{"self":[{"href":"https:\/\/brassitech.com\/en\/wp-json\/wp\/v2\/pages\/473"}],"collection":[{"href":"https:\/\/brassitech.com\/en\/wp-json\/wp\/v2\/pages"}],"about":[{"href":"https:\/\/brassitech.com\/en\/wp-json\/wp\/v2\/types\/page"}],"author":[{"embeddable":true,"href":"https:\/\/brassitech.com\/en\/wp-json\/wp\/v2\/users\/1"}],"replies":[{"embeddable":true,"href":"https:\/\/brassitech.com\/en\/wp-json\/wp\/v2\/comments?post=473"}],"version-history":[{"count":5,"href":"https:\/\/brassitech.com\/en\/wp-json\/wp\/v2\/pages\/473\/revisions"}],"predecessor-version":[{"id":633,"href":"https:\/\/brassitech.com\/en\/wp-json\/wp\/v2\/pages\/473\/revisions\/633"}],"up":[{"embeddable":true,"href":"https:\/\/brassitech.com\/en\/wp-json\/wp\/v2\/pages\/595"}],"wp:attachment":[{"href":"https:\/\/brassitech.com\/en\/wp-json\/wp\/v2\/media?parent=473"}],"curies":[{"name":"wp","href":"https:\/\/api.w.org\/{rel}","templated":true}]}}